{"id":9058,"date":"2020-07-10T14:05:23","date_gmt":"2020-07-10T12:05:23","guid":{"rendered":"https:\/\/mobilemenus.fr\/don-cesar-restaurant\/"},"modified":"2026-02-27T18:32:22","modified_gmt":"2026-02-27T17:32:22","slug":"don-cesar-restaurant","status":"publish","type":"page","link":"https:\/\/mobilemenus.fr\/en\/don-cesar-restaurant\/","title":{"rendered":"Don Cesar &#8211; test nash"},"content":{"rendered":"<p>[vc_row css_animation=&#8221;&#8221; row_type=&#8221;row&#8221; use_row_as_full_screen_section=&#8221;yes&#8221; type=&#8221;full_width&#8221; angled_section=&#8221;no&#8221; text_align=&#8221;left&#8221; background_image_as_pattern=&#8221;without_pattern&#8221; z_index=&#8221;&#8221; css=&#8221;.vc_custom_1592429602232{margin-top: 0px !important;}&#8221; padding_top=&#8221;0&#8243; el_class=&#8221;menuvertflib&#8221; background_color=&#8221;#ffffff&#8221;][vc_column width=&#8221;1\/4&#8243; offset=&#8221;vc_col-xs-3&#8243;][\/vc_column][vc_column width=&#8221;1\/2&#8243; offset=&#8221;vc_col-xs-6&#8243;][vc_empty_space height=&#8221;20px&#8221;][\/vc_column][vc_column width=&#8221;1\/4&#8243; offset=&#8221;vc_col-xs-3&#8243;][\/vc_column][\/vc_row][vc_row css_animation=&#8221;&#8221; row_type=&#8221;row&#8221; use_row_as_full_screen_section=&#8221;no&#8221; type=&#8221;full_width&#8221; angled_section=&#8221;no&#8221; text_align=&#8221;left&#8221; background_image_as_pattern=&#8221;without_pattern&#8221; el_class=&#8221;menuorcesar&#8221; z_index=&#8221;&#8221; background_color=&#8221;#ffffff&#8221; css=&#8221;.vc_custom_1772200494886{background-color: #ffffff !important;}&#8221;][vc_column]<div class=\"qode-accordion-holder clearfix qode-accordion qode-initial \">\n\t<h3 class=\"clearfix qode-title-holder\">\n<span class=\"qode-tab-title\">\n\t    <span class=\"qode-tab-title-inner\">\n        LES SALADES    <\/span>\n<\/span>\n<span class=\"qode-accordion-mark\">\n    <span class=\"qode-accordion-mark-icon\">\n        <span class=\"icon_plus\"><\/span>\n        <span class=\"icon_minus-06\"><\/span>\n    <\/span>\n<\/span>\n<\/h3>\n<div id = NOS SALADES class=\"qode-accordion-content \" >\n    <div class=\"qode-accordion-content-inner\">\n        [ucaddon_simple_food_menu admin_lbl=&#8221;NOS ENTR\u00c9ES&#8221; uc_items_data=&#8221;JTVCJTdCJTIydGl0bGUlMjIlM0ElMjJCcnVzY2hldHRhJTIwQnVycmF0YSUzQSUyMEJ1cnJhdGElMjBkZXMlMjBQb3VpbGxlcyUyMGV0JTIwdG9tYXRlcyUyMGMlQzUlOTN1ciUyMGRlJTIwYiVDNSU5M3VmJTIwc3VyJTIwcGFpbiUyMGRlJTIwY2FtcGFnbmUlMjB0b2FzdCVDMyVBOSUyMiUyQyUyMnRleHQlMjIlM0ElMjJUb21hdG9lcyUyQyUyMG1venphcmVsbGElMjBjaGVlc2UlMkMlMjBiYXNpbCUyMGFuZCUyMHBpbmUlMjBudXRzJTIwb24lMjB0b2FzdGVkJTIwYnJlYWQlMjIlMkMlMjJwaXJjZSUyMiUzQSUyMjI4LjAwJUUyJTgyJUFDJTIyJTdEJTJDJTdCJTIydGl0bGUlMjIlM0ElMjJTYWxhZGUlMjBEb24lMjBDZXNhciUzQSUyMExhaXR1ZSUyMFJvbWFpbmUlMkMlMjBwb3VsZXQlMjBmZXJtaWVyJTJDJTIwJUM1JTkzdWYlMjBwb2NoJUMzJUE5JTJDJTIwdG9tYXRlcyUyQyUyMG1heW9ubmFpc2UlMjBsJUMzJUE5ZyVDMyVBOHJlJTJDJTIwcGFuY2V0dGElMjBjcm91c3RpbGxhbnRlJTJDJTIwY3JvJUMzJUJCdG9ucyUyQyUyMGNvcGVhdXglMjBkZSUyMHBhcm1lc2FuJTIyJTJDJTIydGV4dCUyMiUzQSUyMlJvbWFpbmUlMjBsZXR0dWNlJTJDJTIwZmFybSUyMGNoaWNrZW4lMkMlMjBwb2FjaGVkJTIwZWdnJTJDJTIwdG9tYXRvZXMlMkMlMjBsaWdodCUyMG1heW9ubmFpc2UlMkMlMjBjcmlzcHklMjBwYW5jZXR0YSUyQyUyMGNyb3V0b25zJTJDJTIwcGFybWVzYW4lMjBzaGF2aW5ncyUyMiUyQyUyMnBpcmNlJTIyJTNBJTIyMzIuMDAlRTIlODIlQUMlMjIlN0QlMkMlN0IlMjJ0aXRsZSUyMiUzQSUyMlNhbGFkZSUyMENhcHJlc2UlMjAlM0ElMjBUb21hdGVzJTJDJTIwbW96emFyZWxsYSUyMGRpJTIwYnVmZmFsYSUyQyUyMCUyMGJhc2lsaWMlMkMlMjBodWlsZSUyMGQlRTIlODAlOTlvbGl2ZSUyMGV4dHJhJTIwdmllcmdlJTIyJTJDJTIydGV4dCUyMiUzQSUyMlRvbWF0byUyQyUyMG1venphcmVsbGElMkMlMjBiYXNpbCUyQyUyMGV4dHJhJTIwdmlyZ2luJTIwb2xpdmUlMjBvaWwlMjIlMkMlMjJwaXJjZSUyMiUzQSUyMjM0LjAwJUUyJTgyJUFDJTIyJTdEJTJDJTdCJTIydGl0bGUlMjIlM0ElMjIlMjBTYWxhZGUlMjBOaSVDMyVBN29pc2UlM0ElMjBsJUMzJUE5Z3VtZXMlMjBmcmFpcyUyQyUyMHRob24lMkMlMjAlQzUlOTN1ZiUyMGR1ciUyQyUyMG9saXZlcyUyQyUyMGhhcmljb3RzJTIwdmVydHMlMjBldCUyMHRvbWF0ZXMlMjAlNUN0JTIyJTJDJTIydGV4dCUyMiUzQSUyMkZyZXNoJTIwdmVnZXRhYmxlcyUyQyUyMHR1bmElMkMlMjBoYXJkLWJvaWxlZCUyMGVnZyUyQyUyMG9saXZlcyUyQyUyMGdyZWVuJTVDbmJlYW5zJTIwYW5kJTIwdG9tYXRvZXMlNUNuJTIyJTJDJTIycGlyY2UlMjIlM0ElMjIzMi4wMCVFMiU4MiVBQyUyMiU3RCUyQyU3QiUyMnRpdGxlJTIyJTNBJTIyQXZvY2FkbyUyMHRvYXN0JTNBJTIwRnJvbWFnZSUyMGZyYWlzJTJDJTIwYXZvY2F0JTIwc3VyJTIwdG9hc3QlMjBncmlsbCVDMyVBOS4lMjBTdXBwbCVDMyVBOW1lbnQlMjBzYXVtb24lM0ElMjA5LjAwJUUyJTgyJUFDJTIyJTJDJTIydGV4dCUyMiUzQSUyMkZyZXNoJTIwY2hlZXNlJTIwYW5kJTIwYXZvY2FkbyUyMG9uJTIwdG9hc3QuJTIwU2FsbW9uJTIwZXh0cmElM0ElMjA5JUUyJTgyJUFDJTIyJTJDJTIycGlyY2UlMjIlM0ElMjIyMC4wMCVFMiU4MiVBQyUyMiU3RCU1RA==&#8221; uc_fonts_data=&#8221;JTdCJTIydWNfaXRlbXNfYXR0cmlidXRlX3RpdGxlJTIyJTNBJTdCJTIyZm9udC1mYW1pbHklMjIlM0ElMjJVYnVudHUlMjIlMkMlMjJmb250LXNpemUlMjIlM0ElMjIxOHB4JTIyJTJDJTIyY29sb3IlMjIlM0ElMjIlMjM0OTU5MjklMjIlN0QlMkMlMjJ1Y19pdGVtc19hdHRyaWJ1dGVfdGV4dCUyMiUzQSU3QiUyMmNvbG9yJTIyJTNBJTIyJTIzNjk2OTY5JTIyJTdEJTdE&#8221;]    <\/div>\n<\/div><h3 class=\"clearfix qode-title-holder\">\n<span class=\"qode-tab-title\">\n\t    <span class=\"qode-tab-title-inner\">\n        LES PATES    <\/span>\n<\/span>\n<span class=\"qode-accordion-mark\">\n    <span class=\"qode-accordion-mark-icon\">\n        <span class=\"icon_plus\"><\/span>\n        <span class=\"icon_minus-06\"><\/span>\n    <\/span>\n<\/span>\n<\/h3>\n<div id = NOS SALADES class=\"qode-accordion-content \" >\n    <div class=\"qode-accordion-content-inner\">\n        [ucaddon_simple_food_menu admin_lbl=&#8221;NOS ENTR\u00c9ES&#8221; uc_items_data=&#8221;JTVCJTdCJTIydGl0bGUlMjIlM0ElMjJMaW5ndWluZSUyMEFnbGlvJTIwT2xpbyUzQSUyMGNyJUMzJUE4bWUlMjBkJUUyJTgwJTk5YWlsJTIwY29uZml0JTIwbW9udCVDMyVBOWUlMjAlQzMlQTAlMjBsJUUyJTgwJTk5aHVpbGUlMjBkJUUyJTgwJTk5b2xpdmUlMjBleHRyYSUyMHZpZXJnZSUyQyUyMGdhbWJhcyUyMHNhdXQlQzMlQTllcyUyMiUyQyUyMnRleHQlMjIlM0ElMjJMaW5ndWluZSUyQyUyMGdhcmxpYyUyMGNvbmZpdCUyMGNyZWFtJTIwd2hpcHBlZCUyMHdpdGglMjBleHRyYSUyMHZpcmdpbiUyMG9saXZlJTIwb2lsJTJDJTIwcGFuJTIwZnJpZWQlMjBzaHJpbXAlMkMlMjBjaGlsaSUyMHBlcHBlciU1Q24lMjIlMkMlMjJwaXJjZSUyMiUzQSUyMjMwLjAwJUUyJTgyJUFDJTIyJTdEJTJDJTdCJTIydGl0bGUlMjIlM0ElMjJGdXNpbGklMjAlQzMlQTAlMjBib2xvZ25lc2UlM0ElMjBGdXNpbGklMkMlMjBib2V1ZiUyMCVFMiU4MCU5Q3JhZyVDMyVCOSVFMiU4MCU5RCUyMHNlbG9uJTIwbGElMjB0cmFkaXRpb24lMjBkZSUyMEJvbG9nbmUlMjIlMkMlMjJ0ZXh0JTIyJTNBJTIyRnVzaWxpJTJDJTIwJUUyJTgwJTlDcmFnJUMzJUI5JUUyJTgwJTlEJTIwYmVlZiUyMGFjY29yZGluZyUyMHRvJTIwQm9sb2duYSUyMHRyYWRpdGlvbiUyMiUyQyUyMnBpcmNlJTIyJTNBJTIyMzAuMDAlRTIlODIlQUMlMjIlN0QlMkMlN0IlMjJ0aXRsZSUyMiUzQSUyMlJhdmlvbGklMjAlQzMlQTAlMjBsYSUyMHJpY290dGElMkMlMjBjaXRyb24lMjBldCUyMHRoeW0lMjIlMkMlMjJ0ZXh0JTIyJTNBJTIyUmljb3R0YSUyQyUyMGxlbW9uJTIwYW5kJTIwdGh5bWUlMjByYXZpb2xpJTIyJTJDJTIycGlyY2UlMjIlM0ElMjIyNi4wMCVFMiU4MiVBQyUyMiU3RCUyQyU3QiUyMnRpdGxlJTIyJTNBJTIyU3BhZ2hldHRpJTIwJUMzJUEwJTIwbGElMjBOZXJhbm8lM0ElMjBTcGFnaGV0dGklMkMlMjBjb3VyZ2V0dGVzJTIwZG9yJUMzJUE5ZXMlMkMlMjBwcm92b2xvbmUlMjBhZmZpbiVDMyVBOSUyQyUyMHBhcm1lc2FuJTJDJTIwYmFzaWxpYyUyMCUyMiUyQyUyMnRleHQlMjIlM0ElMjJTcGFnaGV0dGklMkMlMjBnb2xkZW4lMjBjb3VyZ2V0dGVzJTJDJTIwbWF0dXJlZCUyMHByb3ZvbG9uZSUyQyUyMHBhcm1lc2FuJTJDJTIwYmFzaWwlMjIlMkMlMjJwaXJjZSUyMiUzQSUyMjMwLjAwJUUyJTgyJUFDJTIyJTdEJTVE&#8221; uc_fonts_data=&#8221;JTdCJTIydWNfaXRlbXNfYXR0cmlidXRlX3RpdGxlJTIyJTNBJTdCJTIyZm9udC1mYW1pbHklMjIlM0ElMjJVYnVudHUlMjIlMkMlMjJmb250LXNpemUlMjIlM0ElMjIxOHB4JTIyJTJDJTIyY29sb3IlMjIlM0ElMjIlMjM0OTU5MjklMjIlN0QlMkMlMjJ1Y19pdGVtc19hdHRyaWJ1dGVfdGV4dCUyMiUzQSU3QiUyMmNvbG9yJTIyJTNBJTIyJTIzNjk2OTY5JTIyJTdEJTdE&#8221;]    <\/div>\n<\/div><h3 class=\"clearfix qode-title-holder\">\n<span class=\"qode-tab-title\">\n\t    <span class=\"qode-tab-title-inner\">\n        LES PLATS    <\/span>\n<\/span>\n<span class=\"qode-accordion-mark\">\n    <span class=\"qode-accordion-mark-icon\">\n        <span class=\"icon_plus\"><\/span>\n        <span class=\"icon_minus-06\"><\/span>\n    <\/span>\n<\/span>\n<\/h3>\n<div id = NOS SALADES class=\"qode-accordion-content \" >\n    <div class=\"qode-accordion-content-inner\">\n        [ucaddon_simple_food_menu admin_lbl=&#8221;NOS ENTR\u00c9ES&#8221; uc_items_data=&#8221;JTVCJTdCJTIydGl0bGUlMjIlM0ElMjJDbHViJTIwU2FuZHdpY2glMjBQb3VsZXQlM0ElMjBCbGFuYyUyMGRlJTIwcG91bGV0JTIwZmVybWllciUyQyUyMHBhbmNldHRhJTJDJTIwb2V1ZiUyMGR1ciUyQyUyMGxhaXR1ZSUyMHJvbWFpbmUlMkMlMjB0b21hdGUlMkMlMjBtYXlvbm5haXNlJTIwJTIyJTJDJTIydGV4dCUyMiUzQSUyMkZhcm0lMjBjaGlja2VuJTIwYnJlYXN0JTJDJTIwcGFuY2V0dGElMkMlMjBoYXJkLWJvaWxlZCUyMGVnZyUyQyUyMHJvbWFpbmUlMjBsZXR0dWNlJTJDJTIwdG9tYXRvJTJDJTIwbWF5b25uYWlzZSUyMiUyQyUyMnBpcmNlJTIyJTNBJTIyMzUuMDAlRTIlODIlQUMlMjIlN0QlMkMlN0IlMjJ0aXRsZSUyMiUzQSUyMlZpdGVsbG8lMjB0b25uYXRvJTNBJTIwRmluZXMlMjB0cmFuY2hlcyUyMGRlJTIwdmVhdSUyMGN1aXRlcyUyMCVDMyVBMCUyMGJhc3NlJTIwdGVtcGVyYXR1cmUlMkMlMjBzYXVjZSUyMHRob24lMkMlMjBjJUMzJUEycHJlcyUyQyUyMHBvaXZyZSUyMHZlcnQlMkMlMjBib3VxdWV0JTIwZGUlMjBzYWxhZGUlMjIlMkMlMjJ0ZXh0JTIyJTNBJTIyVGhpbmx5JTIwc2xpY2VkJTIwc2xvdyUyMGNvb2tlZCUyMHZlYWwlMkMlMjB0dW5hJTIwc2F1Y2UlMkMlMjBjYXBlcnMlMkMlMjBncmVlbiUyMHBlcHBlciUyQyUyMHNhbGFkJTIwYm91cXVldCUyMiUyQyUyMnBpcmNlJTIyJTNBJTIyMzAuMDAlRTIlODIlQUMlMjIlN0QlMkMlN0IlMjJ0aXRsZSUyMiUzQSUyMlRhcnRhcmUlMjBkZSUyMHBvaXNzb24lMjBhdXglMjBmcnVpdHMlMjByb3VnZXMlM0ElMjBQb2lzc29uJTIwc2Vsb24lMjBwJUMzJUFBY2hlJTIwZHUlMjBqb3VyJTJDJTIwZnJ1aXRzJTIwcm91Z2VzJTJDJTIwYm91cXVldCUyMGRlJTIwc2FsYWRlJTIyJTJDJTIydGV4dCUyMiUzQSUyMkZpc2glMjBhY2NvcmRpbmclMjB0byUyMHRoZSUyMGNhdGNoJTIwb2YlMjB0aGUlMjBkYXklMkMlMjByZWQlMjBmcnVpdHMlMkMlMjBzYWxhZCUyMGJvdXF1ZXQlMjIlMkMlMjJwaXJjZSUyMiUzQSUyMjQyLjAwJUUyJTgyJUFDJTIyJTdEJTJDJTdCJTIydGl0bGUlMjIlM0ElMjJEb3JhZGUlMjAlQzMlQTAlMjBsYSUyMFJvbWFnbm9sYSUzQSUyMERvcmFkZSUyMHNpbXBsZW1lbnQlMjBncmlsbCVDMyVBOWUlMkMlMjBjaGFwZWx1cmUlMjBhcm9tYXRpcyVDMyVBOWUlMkMlMjBjcnVkaXQlQzMlQTlzJTJDJTIwYm91cXVldCUyMGRlJTIwc2FsYWRlJTIyJTJDJTIydGV4dCUyMiUzQSUyMlNpbXBseSUyMGdyaWxsZWQlMjBzZWElMjBicmVhbSUyQyUyMHNlYXNvbiUyMGJyZWFkY3J1bWJzJTJDJTIwY3J1ZGl0ZXMlMkMlMjBzYWxhZCUyMGJvdXF1ZXQlMjIlMkMlMjJwaXJjZSUyMiUzQSUyMjQwLjAwJUUyJTgyJUFDJTIyJTdEJTJDJTdCJTIydGl0bGUlMjIlM0ElMjJFbnRyZWMlQzMlQjR0ZSUyMGdyaWxsJUMzJUE5ZSUyQyUyMGZyaXRlcyUyMGZyYSVDMyVBRWNoZXMlMjIlMkMlMjJ0ZXh0JTIyJTNBJTIyR3JpbGxlZCUyMHJpYi1leWUlMjBzdGVhayUyQyUyMGZyZXNoJTIwY2hpcHMlMjIlMkMlMjJwaXJjZSUyMiUzQSUyMjQ1LjAwJUUyJTgyJUFDJTIyJTdEJTVE&#8221; uc_fonts_data=&#8221;JTdCJTIydWNfaXRlbXNfYXR0cmlidXRlX3RpdGxlJTIyJTNBJTdCJTIyZm9udC1mYW1pbHklMjIlM0ElMjJVYnVudHUlMjIlMkMlMjJmb250LXNpemUlMjIlM0ElMjIxOHB4JTIyJTJDJTIyY29sb3IlMjIlM0ElMjIlMjM0OTU5MjklMjIlN0QlMkMlMjJ1Y19pdGVtc19hdHRyaWJ1dGVfdGV4dCUyMiUzQSU3QiUyMmNvbG9yJTIyJTNBJTIyJTIzNjk2OTY5JTIyJTdEJTdE&#8221;][vc_column_text]<\/p>\n<p style=\"text-align: center;\">Nos Garniture en suppl\u00e9ment :<\/p>\n<p style=\"text-align: center;\">Pur\u00e9e de pommes de terre <em>(mashed potatoes)<\/em>: 10\u20ac<\/p>\n<p style=\"text-align: center;\">Frites fra\u00eeches <em>(fresh chips)<\/em>: 15\u20ac<\/p>\n<p style=\"text-align: center;\">Riz <em>(rice)<\/em>: 10\u20ac<\/p>\n<p style=\"text-align: center;\">L\u00e9gumes saut\u00e9s <em>(stir fried vegetables)<\/em>: 12\u20ac<\/p>\n<p style=\"text-align: center;\">Salade verte <em>(green salad)<\/em>: 10\u20ac<\/p>\n<p>[\/vc_column_text]    <\/div>\n<\/div><h3 class=\"clearfix qode-title-holder\">\n<span class=\"qode-tab-title\">\n\t    <span class=\"qode-tab-title-inner\">\n        CARTE DES ENFANTS    <\/span>\n<\/span>\n<span class=\"qode-accordion-mark\">\n    <span class=\"qode-accordion-mark-icon\">\n        <span class=\"icon_plus\"><\/span>\n        <span class=\"icon_minus-06\"><\/span>\n    <\/span>\n<\/span>\n<\/h3>\n<div id = NOS SALADES class=\"qode-accordion-content \" >\n    <div class=\"qode-accordion-content-inner\">\n        [vc_column_text]<\/p>\n<h4 style=\"text-align: left;\"><em>Les Entr\u00e9es<\/em><\/h4>\n<p>[\/vc_column_text][ucaddon_simple_food_menu admin_lbl=&#8221;NOS ENTR\u00c9ES&#8221; uc_items_data=&#8221;JTVCJTdCJTIydGl0bGUlMjIlM0ElMjJBc3NpZXR0ZSUyMGRlJTIwSmFtYm9uJTIwYmxhbmMlMjBldCUyMHNlcyUyMGNvbmRpbWVudHMlMjIlMkMlMjJ0ZXh0JTIyJTNBJTIyJTIyJTJDJTIycGlyY2UlMjIlM0ElMjIxMi4wMCVFMiU4MiVBQyUyMiU3RCUyQyU3QiUyMnRpdGxlJTIyJTNBJTIyU2FsYWRlJTIwQ2FwcmVzZSUyMiUyQyUyMnRleHQlMjIlM0ElMjIlMjIlMkMlMjJwaXJjZSUyMiUzQSUyMjEyLjAwJUUyJTgyJUFDJTIyJTdEJTJDJTdCJTIydGl0bGUlMjIlM0ElMjJBc3NpZXR0ZSUyMGRlJTIwbWVsb24lMjIlMkMlMjJ0ZXh0JTIyJTNBJTIyJTIyJTJDJTIycGlyY2UlMjIlM0ElMjIxMC4wMCVFMiU4MiVBQyUyMiU3RCU1RA==&#8221; uc_fonts_data=&#8221;JTdCJTIydWNfaXRlbXNfYXR0cmlidXRlX3RpdGxlJTIyJTNBJTdCJTIyZm9udC1mYW1pbHklMjIlM0ElMjJVYnVudHUlMjIlMkMlMjJmb250LXNpemUlMjIlM0ElMjIxOHB4JTIyJTJDJTIyY29sb3IlMjIlM0ElMjIlMjM0OTU5MjklMjIlN0QlMkMlMjJ1Y19pdGVtc19hdHRyaWJ1dGVfdGV4dCUyMiUzQSU3QiUyMmNvbG9yJTIyJTNBJTIyJTIzNjk2OTY5JTIyJTdEJTdE&#8221;][vc_column_text]<\/p>\n<h4 style=\"text-align: left;\"><em>Les P\u00e2tes<\/em><\/h4>\n<p>[\/vc_column_text][ucaddon_simple_food_menu admin_lbl=&#8221;NOS ENTR\u00c9ES&#8221; uc_items_data=&#8221;JTVCJTdCJTIydGl0bGUlMjIlM0ElMjJQZW5uZSUyMCVDMyVBMCUyMGxhJTIwc2F1Y2UlMjB0b21hdGUlMjIlMkMlMjJ0ZXh0JTIyJTNBJTIyJTIyJTJDJTIycGlyY2UlMjIlM0ElMjIxMi4wMCVFMiU4MiVBQyUyMiU3RCUyQyU3QiUyMnRpdGxlJTIyJTNBJTIyVGFnbGlhdGVsbGUlMjBib2xvZ25haXNlJTIyJTJDJTIydGV4dCUyMiUzQSUyMiUyMiUyQyUyMnBpcmNlJTIyJTNBJTIyMTUuMDAlRTIlODIlQUMlMjIlN0QlMkMlN0IlMjJ0aXRsZSUyMiUzQSUyMkdub2NjaGV0dGklMjAlQzMlQTAlMjBsYSUyMGNyJUMzJUE4bWUlMjBldCUyMHBhcm1lc2FuJTIyJTJDJTIydGV4dCUyMiUzQSUyMiUyMiUyQyUyMnBpcmNlJTIyJTNBJTIyMTIuMDAlRTIlODIlQUMlMjIlN0QlNUQ=&#8221; uc_fonts_data=&#8221;JTdCJTIydWNfaXRlbXNfYXR0cmlidXRlX3RpdGxlJTIyJTNBJTdCJTIyZm9udC1mYW1pbHklMjIlM0ElMjJVYnVudHUlMjIlMkMlMjJmb250LXNpemUlMjIlM0ElMjIxOHB4JTIyJTJDJTIyY29sb3IlMjIlM0ElMjIlMjM0OTU5MjklMjIlN0QlMkMlMjJ1Y19pdGVtc19hdHRyaWJ1dGVfdGV4dCUyMiUzQSU3QiUyMmNvbG9yJTIyJTNBJTIyJTIzNjk2OTY5JTIyJTdEJTdE&#8221;][vc_column_text]<\/p>\n<h4 style=\"text-align: left;\"><em>Les Plats<\/em><\/h4>\n<p>[\/vc_column_text][ucaddon_simple_food_menu admin_lbl=&#8221;NOS ENTR\u00c9ES&#8221; uc_items_data=&#8221;JTVCJTdCJTIydGl0bGUlMjIlM0ElMjJPbWVsZXR0ZSUyMGdhcm5pZSUyMiUyQyUyMnRleHQlMjIlM0ElMjJKYW1ib24lMjBldCUyMGZyb21hZ2UlMjBvdSUyMEwlQzMlQTlndW1lcyUyMiUyQyUyMnBpcmNlJTIyJTNBJTIyMTIuMDAlRTIlODIlQUMlMjIlN0QlMkMlN0IlMjJ0aXRsZSUyMiUzQSUyMk1pbmklMjBidXJnZXIlMjIlMkMlMjJ0ZXh0JTIyJTNBJTIyJTIyJTJDJTIycGlyY2UlMjIlM0ElMjIxOC4wMCVFMiU4MiVBQyUyMiU3RCUyQyU3QiUyMnRpdGxlJTIyJTNBJTIyRmlsZXQlMjBkZSUyMGRhdXJhZGUlMjBncmlsbCVDMyVBOWUlMjIlMkMlMjJ0ZXh0JTIyJTNBJTIyJTIyJTJDJTIycGlyY2UlMjIlM0ElMjIyMi4wMCVFMiU4MiVBQyUyMiU3RCUyQyU3QiUyMnRpdGxlJTIyJTNBJTIyRmlsZXQlMjBkZSUyMGJvZXVmJTIwZ3JpbGwlQzMlQTklMjIlMkMlMjJ0ZXh0JTIyJTNBJTIyJTIyJTJDJTIycGlyY2UlMjIlM0ElMjIyNS4wMCVFMiU4MiVBQyUyMiU3RCUyQyU3QiUyMnRpdGxlJTIyJTNBJTIyQiVDMyVBMnRvbm5ldHMlMjBkZSUyMHZvbGFpbGxlJTIwcGFuJUMzJUE5cyUyMiUyQyUyMnRleHQlMjIlM0ElMjIlMjIlMkMlMjJwaXJjZSUyMiUzQSUyMjE4LjAwJUUyJTgyJUFDJTIyJTdEJTVE&#8221; uc_fonts_data=&#8221;JTdCJTIydWNfaXRlbXNfYXR0cmlidXRlX3RpdGxlJTIyJTNBJTdCJTIyZm9udC1mYW1pbHklMjIlM0ElMjJVYnVudHUlMjIlMkMlMjJmb250LXNpemUlMjIlM0ElMjIxOHB4JTIyJTJDJTIyY29sb3IlMjIlM0ElMjIlMjM0OTU5MjklMjIlN0QlMkMlMjJ1Y19pdGVtc19hdHRyaWJ1dGVfdGV4dCUyMiUzQSU3QiUyMmNvbG9yJTIyJTNBJTIyJTIzNjk2OTY5JTIyJTdEJTdE&#8221;][vc_column_text]<\/p>\n<p style=\"text-align: center;\"><em>Accompagn\u00e9s de l\u00e9gumes, pur\u00e9e de pommes de terre ou frites<\/em><\/p>\n<p>[\/vc_column_text][vc_column_text]<\/p>\n<h4 style=\"text-align: left;\"><em>Les Desserts<\/em><\/h4>\n<p>[\/vc_column_text][ucaddon_simple_food_menu admin_lbl=&#8221;NOS ENTR\u00c9ES&#8221; uc_items_data=&#8221;JTVCJTdCJTIydGl0bGUlMjIlM0ElMjJHbGFjZXMlMjBldCUyMHNvcmJldHMlMjIlMkMlMjJ0ZXh0JTIyJTNBJTIyTGElMjBib3VsZSUyMiUyQyUyMnBpcmNlJTIyJTNBJTIyMDYuMDAlRTIlODIlQUMlMjIlN0QlMkMlN0IlMjJ0aXRsZSUyMiUzQSUyMkclQzMlQTJ0ZWF1JTIwYXUlMjBjaG9jb2xhdCUyMiUyQyUyMnRleHQlMjIlM0ElMjIlMjIlMkMlMjJwaXJjZSUyMiUzQSUyMjEwLjAwJUUyJTgyJUFDJTIyJTdEJTJDJTdCJTIydGl0bGUlMjIlM0ElMjJDb3VwZSUyMGRlJTIwZnJhaXNlcyUyMiUyQyUyMnRleHQlMjIlM0ElMjIlMjIlMkMlMjJwaXJjZSUyMiUzQSUyMjEyLjAwJUUyJTgyJUFDJTIyJTdEJTJDJTdCJTIydGl0bGUlMjIlM0ElMjJZYW91cnQlMjBtYWlzb24lMjIlMkMlMjJ0ZXh0JTIyJTNBJTIyJTIyJTJDJTIycGlyY2UlMjIlM0ElMjIwNC4wMCVFMiU4MiVBQyUyMiU3RCU1RA==&#8221; uc_fonts_data=&#8221;JTdCJTIydWNfaXRlbXNfYXR0cmlidXRlX3RpdGxlJTIyJTNBJTdCJTIyZm9udC1mYW1pbHklMjIlM0ElMjJVYnVudHUlMjIlMkMlMjJmb250LXNpemUlMjIlM0ElMjIxOHB4JTIyJTJDJTIyY29sb3IlMjIlM0ElMjIlMjM0OTU5MjklMjIlN0QlMkMlMjJ1Y19pdGVtc19hdHRyaWJ1dGVfdGV4dCUyMiUzQSU3QiUyMmNvbG9yJTIyJTNBJTIyJTIzNjk2OTY5JTIyJTdEJTdE&#8221;]    <\/div>\n<\/div><h3 class=\"clearfix qode-title-holder\">\n<span class=\"qode-tab-title\">\n\t    <span class=\"qode-tab-title-inner\">\n        NOS DESSERTS    <\/span>\n<\/span>\n<span class=\"qode-accordion-mark\">\n    <span class=\"qode-accordion-mark-icon\">\n        <span class=\"icon_plus\"><\/span>\n        <span class=\"icon_minus-06\"><\/span>\n    <\/span>\n<\/span>\n<\/h3>\n<div id = NOS DESSERTS class=\"qode-accordion-content \" >\n    <div class=\"qode-accordion-content-inner\">\n        [ucaddon_simple_food_menu admin_lbl=&#8221;DESSERTS&#8221; uc_items_data=&#8221;JTVCJTdCJTIydGl0bGUlMjIlM0ElMjJUaXJhbWlzdSUyMHRyYWRpdGlvbm5lbCUyMiUyQyUyMnRleHQlMjIlM0ElMjJUaXJhbWlzdSUyMiUyQyUyMnBpcmNlJTIyJTNBJTIyMTQuMDAlRTIlODIlQUMlMjIlN0QlMkMlN0IlMjJ0aXRsZSUyMiUzQSUyMlBhbmFjb3R0YSUyMGF1eCUyMGZydWl0cyUyMGV4b3RpcXVlcyUyMiUyQyUyMnRleHQlMjIlM0ElMjJQYW5uYSUyMGNvdHRhJTIwd2l0aCUyMGV4b3RpYyUyMGZydWl0cyUyMCUyMiUyQyUyMnBpcmNlJTIyJTNBJTIyMTQuMDAlRTIlODIlQUMlMjIlN0QlMkMlN0IlMjJ0aXRsZSUyMiUzQSUyMlN1bmRheSUyMHZhbmlsbGUlMjBtYWlzb24lMjIlMkMlMjJ0ZXh0JTIyJTNBJTIyQ291bGlzJTNBJTIwY2FyYW1lbCUyQyUyMGNob2NvbGF0JTIwb3UlMjBmcnVpdHMlMjByb3VnZXMlMjAlNUNuQWNjb21wYWduZW1lbnQlM0ElMjBjYWNhaHUlQzMlQTh0ZXMlMjBjYXJhbSVDMyVBOWxpcyVDMyVBOWVzJTJDJTIwY29va2llcyUyMG91JTIwZnJhaXNlcyU1Q3QlMjIlMkMlMjJwaXJjZSUyMiUzQSUyMjE2LjAwJUUyJTgyJUFDJTIyJTdEJTJDJTdCJTIydGl0bGUlMjIlM0ElMjJHbGFjZXMlMjBldCUyMHNvcmJldHMlMjBtYWlzb24tJTIwU3VwcGwlQzMlQTltZW50cyUzQSUyMGNoYW50aWxseSUyQyUyMHNhdWNlJTIwY2hvY29sYXQlMkMlMjBhbWFuZGVzJTIwZWZpbCVDMyVBOWVzJTIyJTJDJTIydGV4dCUyMiUzQSUyMkhvbWVtYWRlJTIwaWNlJTIwY3JlYW0lMjBhbmQlMjBzb3JiZXRzJTIwJTI4d2hpcHBlZCUyMGNyZWFtJTIwZXh0cmElMkMlMjBDaG9jb2xhdGUlMjBzYXVjZSUyQyUyMGZsYWtlZCUyMGFsbW9uZHMlMjklNUNuJTIyJTJDJTIycGlyY2UlMjIlM0ElMjI2LjAwJUUyJTgyJUFDJTIwbGElMjBib3VsZSUyMiU3RCUyQyU3QiUyMnRpdGxlJTIyJTNBJTIyQWZmb2dhdG8lMjAlMjIlMkMlMjJ0ZXh0JTIyJTNBJTIyVmFuaWxsYSUyMGljZSUyMGNyZWFtJTIwYW5kJTIwZXhwcmVzc28lNUNuJTIyJTJDJTIycGlyY2UlMjIlM0ElMjIxNC4wMCVFMiU4MiVBQyUyMiU3RCUyQyU3QiUyMnRpdGxlJTIyJTNBJTIyQ291cGUlMjBkZSUyMGZydWl0cyUyMHJvdWdlcyUyMGV0JTIwY2hhbnRpbGx5JTIwbWFpc29uJTIyJTJDJTIydGV4dCUyMiUzQSUyMlJlZCUyMGZydWl0cyUyMGFuZCUyMGhvbWVtYWRlJTIwd2hpcHBlZCUyMGNyZWFtJTIwJTIwJTIwJTIwJTIwJTIwJTIwJTIwJTIwJTIwJTIwJTIwJTIwJTIwJTIwJTIwJTIwJTIwJTIwJTIwJTIwJTIwJTIwJTIwJTIwJTIwJTIwJTIwJTIwJTIwJTIwJTIwJTIwJTIwJTIwJTIwJTIwJTIwJTIwJTIwJTIwJTIwJTIwJTIwJTIwJTIwJTIwJTIwJTIwJTIwJTIwJTIwJTIwJTIwJTIwJTIwJTIwJTIwJTIwJTIwJTIwJTIwJTIwJTIwJTIwJTIyJTJDJTIycGlyY2UlMjIlM0ElMjIyMC4wMCVFMiU4MiVBQyUyMiU3RCU1RA==&#8221; uc_fonts_data=&#8221;JTdCJTIydWNfaXRlbXNfYXR0cmlidXRlX3RpdGxlJTIyJTNBJTdCJTIyZm9udC1mYW1pbHklMjIlM0ElMjJVYnVudHUlMjIlMkMlMjJmb250LXNpemUlMjIlM0ElMjIxOHB4JTIyJTJDJTIyY29sb3IlMjIlM0ElMjIlMjM0OTU5MjklMjIlN0QlMkMlMjJ1Y19pdGVtc19hdHRyaWJ1dGVfdGV4dCUyMiUzQSU3QiUyMmNvbG9yJTIyJTNBJTIyJTIzNjk2OTY5JTIyJTdEJTdE&#8221;][vc_empty_space height=&#8221;10px&#8221;]    <\/div>\n<\/div><\/div>[\/vc_column][\/vc_row]<\/p>\n","protected":false},"excerpt":{"rendered":"<p>[vc_row css_animation=&#8221;&#8221; row_type=&#8221;row&#8221; use_row_as_full_screen_section=&#8221;yes&#8221; type=&#8221;full_width&#8221; angled_section=&#8221;no&#8221; text_align=&#8221;left&#8221; background_image_as_pattern=&#8221;without_pattern&#8221; z_index=&#8221;&#8221; css=&#8221;.vc_custom_1592429602232{margin-top: 0px !important;}&#8221; padding_top=&#8221;0&#8243; el_class=&#8221;menuvertflib&#8221; background_color=&#8221;#ffffff&#8221;][vc_column width=&#8221;1\/4&#8243; offset=&#8221;vc_col-xs-3&#8243;][\/vc_column][vc_column width=&#8221;1\/2&#8243; offset=&#8221;vc_col-xs-6&#8243;][vc_empty_space height=&#8221;20px&#8221;][\/vc_column][vc_column&#8230;<\/p>\n","protected":false},"author":56,"featured_media":0,"parent":0,"menu_order":0,"comment_status":"closed","ping_status":"closed","template":"full_width.php","meta":{"inline_featured_image":false,"footnotes":"","_wp_rev_ctl_limit":""},"class_list":["post-9058","page","type-page","status-publish","hentry"],"aioseo_notices":[],"_links":{"self":[{"href":"https:\/\/mobilemenus.fr\/en\/wp-json\/wp\/v2\/pages\/9058","targetHints":{"allow":["GET"]}}],"collection":[{"href":"https:\/\/mobilemenus.fr\/en\/wp-json\/wp\/v2\/pages"}],"about":[{"href":"https:\/\/mobilemenus.fr\/en\/wp-json\/wp\/v2\/types\/page"}],"author":[{"embeddable":true,"href":"https:\/\/mobilemenus.fr\/en\/wp-json\/wp\/v2\/users\/56"}],"replies":[{"embeddable":true,"href":"https:\/\/mobilemenus.fr\/en\/wp-json\/wp\/v2\/comments?post=9058"}],"version-history":[{"count":7,"href":"https:\/\/mobilemenus.fr\/en\/wp-json\/wp\/v2\/pages\/9058\/revisions"}],"predecessor-version":[{"id":23791,"href":"https:\/\/mobilemenus.fr\/en\/wp-json\/wp\/v2\/pages\/9058\/revisions\/23791"}],"wp:attachment":[{"href":"https:\/\/mobilemenus.fr\/en\/wp-json\/wp\/v2\/media?parent=9058"}],"curies":[{"name":"wp","href":"https:\/\/api.w.org\/{rel}","templated":true}]}}